{"id":564,"date":"2016-12-09T19:28:42","date_gmt":"2016-12-09T19:28:42","guid":{"rendered":"http:\/\/siromband.si\/?page_id=564\/"},"modified":"2023-09-20T20:07:33","modified_gmt":"2023-09-20T20:07:33","slug":"band","status":"publish","type":"page","link":"http:\/\/siromband.si\/sl\/band\/","title":{"rendered":"Band"},"content":{"rendered":"<p><div class=\"fusion-fullwidth fullwidth-box fusion-builder-row-1 hundred-percent-fullwidth non-hundred-percent-height-scrolling\" style=\"--awb-border-radius-top-left:0px;--awb-border-radius-top-right:0px;--awb-border-radius-bottom-right:0px;--awb-border-radius-bottom-left:0px;--awb-margin-top:10px;--awb-margin-bottom:8px;--awb-flex-wrap:wrap;\" ><div class=\"fusion-builder-row fusion-row\"><div class=\"fusion-layout-column fusion_builder_column fusion-builder-column-0 fusion_builder_column_1_1 1_1 fusion-one-full fusion-column-first fusion-column-last fusion-column-no-min-height\" style=\"--awb-bg-size:cover;\"><div class=\"fusion-column-wrapper fusion-flex-column-wrapper-legacy\"><div class=\"fusion-image-element in-legacy-container\" style=\"--awb-caption-title-font-family:var(--h2_typography-font-family);--awb-caption-title-font-weight:var(--h2_typography-font-weight);--awb-caption-title-font-style:var(--h2_typography-font-style);--awb-caption-title-size:var(--h2_typography-font-size);--awb-caption-title-transform:var(--h2_typography-text-transform);--awb-caption-title-line-height:var(--h2_typography-line-height);--awb-caption-title-letter-spacing:var(--h2_typography-letter-spacing);\"><span class=\" fusion-imageframe imageframe-none imageframe-1 hover-type-none\"><img decoding=\"async\" width=\"1200\" height=\"600\" title=\"bendNova\" src=\"http:\/\/siromband.si\/wp-content\/uploads\/2016\/12\/bendNova.jpg\" alt class=\"img-responsive wp-image-2158\" srcset=\"http:\/\/siromband.si\/wp-content\/uploads\/2016\/12\/bendNova-200x100.jpg 200w, http:\/\/siromband.si\/wp-content\/uploads\/2016\/12\/bendNova-400x200.jpg 400w, http:\/\/siromband.si\/wp-content\/uploads\/2016\/12\/bendNova-600x300.jpg 600w, http:\/\/siromband.si\/wp-content\/uploads\/2016\/12\/bendNova-800x400.jpg 800w, http:\/\/siromband.si\/wp-content\/uploads\/2016\/12\/bendNova.jpg 1200w\" sizes=\"(max-width: 600px) 100vw, 1200px\" \/><\/span><\/div><div class=\"fusion-clearfix\"><\/div><\/div><\/div><\/div><\/div><div class=\"fusion-fullwidth fullwidth-box fusion-builder-row-2 nonhundred-percent-fullwidth non-hundred-percent-height-scrolling\" style=\"--awb-background-position:left top;--awb-border-sizes-top:0px;--awb-border-sizes-bottom:0px;--awb-border-sizes-left:0px;--awb-border-sizes-right:0px;--awb-border-radius-top-left:0px;--awb-border-radius-top-right:0px;--awb-border-radius-bottom-right:0px;--awb-border-radius-bottom-left:0px;--awb-padding-top:40px;--awb-padding-right:40px;--awb-padding-bottom:40px;--awb-padding-left:40px;--awb-margin-top:0px;--awb-margin-bottom:0px;--awb-background-color:#E8E8E8;--awb-flex-wrap:wrap;\" ><div class=\"fusion-builder-row fusion-row\"><div class=\"fusion-layout-column fusion_builder_column fusion-builder-column-1 fusion_builder_column_1_1 1_1 fusion-one-full fusion-column-first fusion-column-last fusion-column-no-min-height\" style=\"--awb-bg-size:cover;\"><div class=\"fusion-column-wrapper fusion-flex-column-wrapper-legacy\"><div class=\"fusion-text fusion-text-1\"><p>Prostrano vodilo prekmursko-tolminsko-kra\u0161ke naveze \u0160irom je prepletanje raznolikih glasbenih pristopov in orodij, zgodovin zvena ter \u010diste muzikalno-rokodelske domi\u0161ljije. <strong>Iztok Koren<\/strong>, <strong>Samo Kutin<\/strong> in <strong>Ana Kravanja<\/strong> v triu vkupno na\u0161tejejo preko deset in\u0161trumentov in vsaj toliko danih oblik muzik, ki bi jih lahko prepoznali kot navdih karakterju nove zasedbe. Vendar so prakti\u010dno in do\u017eivljajsko dovolj globoko zazankani v lastno snovno po\u010detje, da se jim uspe izogniti zgolj odsevanju obstoje\u010dih vzorcev. Ustvarjajo samosvoj, stilsko homogen izraz, razpet med \u0161iroko polje ljudskih zvenov in sodobnih akusti\u010dno-rockerskih meditacij. Kar naposled sli\u0161imo je prizemljen, vendar \u0161e vedno misti\u010den minimalizem. Glasba \u0160irom je kontemplativna, po nuji in potrebi tudi ostra glasba, bolj bendovske kot komorne, bolj uli\u010dne kot urbane nravi.<\/p>\n<p>\u010clani \u0160irom so dejavni \u0161e v drugih glasbenih zasedbah in projektih, kot so \u0160KM banda, Hexenbrutal, Bakalina Velika, \u0160alter Ensemble in Ka\u010dis.<\/p>\n<p><a href=\"https:\/\/zars.bandcamp.com\/album\/i\"><strong>Trgovina<\/strong><\/a><\/p>\n<a href=\"http:\/\/siromband.si\/?media_dl=326\"><strong>Prenesi PRESS material<\/strong><\/a>\n<\/div><div class=\"fusion-clearfix\"><\/div><\/div><\/div><\/div><\/div><\/p>\n","protected":false},"excerpt":{"rendered":"","protected":false},"author":1,"featured_media":0,"parent":0,"menu_order":0,"comment_status":"closed","ping_status":"closed","template":"","meta":{"footnotes":""},"class_list":["post-564","page","type-page","status-publish","hentry"],"yoast_head":"<!-- This site is optimized with the Yoast SEO plugin v27.5 - https:\/\/yoast.com\/product\/yoast-seo-wordpress\/ -->\n<title>Band | \u0160irom<\/title>\n<meta name=\"robots\" content=\"index, follow, max-snippet:-1, max-image-preview:large, max-video-preview:-1\" \/>\n<link rel=\"canonical\" href=\"http:\/\/siromband.si\/sl\/band\/\" \/>\n<meta property=\"og:locale\" content=\"sl_SI\" \/>\n<meta property=\"og:type\" content=\"article\" \/>\n<meta property=\"og:title\" content=\"Band | \u0160irom\" \/>\n<meta property=\"og:url\" content=\"http:\/\/siromband.si\/sl\/band\/\" \/>\n<meta property=\"og:site_name\" content=\"\u0160irom\" \/>\n<meta property=\"article:publisher\" content=\"https:\/\/www.facebook.com\/siromband\/\" \/>\n<meta property=\"article:modified_time\" content=\"2023-09-20T20:07:33+00:00\" \/>\n<meta name=\"twitter:card\" content=\"summary_large_image\" \/>\n<meta name=\"twitter:label1\" content=\"Est. reading time\" \/>\n\t<meta name=\"twitter:data1\" content=\"2 minuti\" \/>\n<script type=\"application\/ld+json\" class=\"yoast-schema-graph\">{\"@context\":\"https:\\\/\\\/schema.org\",\"@graph\":[{\"@type\":\"WebPage\",\"@id\":\"http:\\\/\\\/siromband.si\\\/sl\\\/band\\\/\",\"url\":\"http:\\\/\\\/siromband.si\\\/sl\\\/band\\\/\",\"name\":\"Band | \u0160irom\",\"isPartOf\":{\"@id\":\"https:\\\/\\\/siromband.si\\\/#website\"},\"datePublished\":\"2016-12-09T19:28:42+00:00\",\"dateModified\":\"2023-09-20T20:07:33+00:00\",\"breadcrumb\":{\"@id\":\"http:\\\/\\\/siromband.si\\\/sl\\\/band\\\/#breadcrumb\"},\"inLanguage\":\"sl-SI\",\"potentialAction\":[{\"@type\":\"ReadAction\",\"target\":[\"http:\\\/\\\/siromband.si\\\/sl\\\/band\\\/\"]}]},{\"@type\":\"BreadcrumbList\",\"@id\":\"http:\\\/\\\/siromband.si\\\/sl\\\/band\\\/#breadcrumb\",\"itemListElement\":[{\"@type\":\"ListItem\",\"position\":1,\"name\":\"Home\",\"item\":\"http:\\\/\\\/siromband.si\\\/sl\\\/\"},{\"@type\":\"ListItem\",\"position\":2,\"name\":\"Band\"}]},{\"@type\":\"WebSite\",\"@id\":\"https:\\\/\\\/siromband.si\\\/#website\",\"url\":\"https:\\\/\\\/siromband.si\\\/\",\"name\":\"\u0160irom\",\"description\":\"slovenian accoustic folk trance drone avant-garde experimental band\",\"potentialAction\":[{\"@type\":\"SearchAction\",\"target\":{\"@type\":\"EntryPoint\",\"urlTemplate\":\"https:\\\/\\\/siromband.si\\\/?s={search_term_string}\"},\"query-input\":{\"@type\":\"PropertyValueSpecification\",\"valueRequired\":true,\"valueName\":\"search_term_string\"}}],\"inLanguage\":\"sl-SI\"}]}<\/script>\n<!-- \/ Yoast SEO plugin. -->","yoast_head_json":{"title":"Band | \u0160irom","robots":{"index":"index","follow":"follow","max-snippet":"max-snippet:-1","max-image-preview":"max-image-preview:large","max-video-preview":"max-video-preview:-1"},"canonical":"http:\/\/siromband.si\/sl\/band\/","og_locale":"sl_SI","og_type":"article","og_title":"Band | \u0160irom","og_url":"http:\/\/siromband.si\/sl\/band\/","og_site_name":"\u0160irom","article_publisher":"https:\/\/www.facebook.com\/siromband\/","article_modified_time":"2023-09-20T20:07:33+00:00","twitter_card":"summary_large_image","twitter_misc":{"Est. reading time":"2 minuti"},"schema":{"@context":"https:\/\/schema.org","@graph":[{"@type":"WebPage","@id":"http:\/\/siromband.si\/sl\/band\/","url":"http:\/\/siromband.si\/sl\/band\/","name":"Band | \u0160irom","isPartOf":{"@id":"https:\/\/siromband.si\/#website"},"datePublished":"2016-12-09T19:28:42+00:00","dateModified":"2023-09-20T20:07:33+00:00","breadcrumb":{"@id":"http:\/\/siromband.si\/sl\/band\/#breadcrumb"},"inLanguage":"sl-SI","potentialAction":[{"@type":"ReadAction","target":["http:\/\/siromband.si\/sl\/band\/"]}]},{"@type":"BreadcrumbList","@id":"http:\/\/siromband.si\/sl\/band\/#breadcrumb","itemListElement":[{"@type":"ListItem","position":1,"name":"Home","item":"http:\/\/siromband.si\/sl\/"},{"@type":"ListItem","position":2,"name":"Band"}]},{"@type":"WebSite","@id":"https:\/\/siromband.si\/#website","url":"https:\/\/siromband.si\/","name":"\u0160irom","description":"slovenian accoustic folk trance drone avant-garde experimental band","potentialAction":[{"@type":"SearchAction","target":{"@type":"EntryPoint","urlTemplate":"https:\/\/siromband.si\/?s={search_term_string}"},"query-input":{"@type":"PropertyValueSpecification","valueRequired":true,"valueName":"search_term_string"}}],"inLanguage":"sl-SI"}]}},"jetpack_sharing_enabled":true,"jetpack_shortlink":"https:\/\/wp.me\/P7KI0S-96","_links":{"self":[{"href":"http:\/\/siromband.si\/sl\/wp-json\/wp\/v2\/pages\/564","targetHints":{"allow":["GET"]}}],"collection":[{"href":"http:\/\/siromband.si\/sl\/wp-json\/wp\/v2\/pages"}],"about":[{"href":"http:\/\/siromband.si\/sl\/wp-json\/wp\/v2\/types\/page"}],"author":[{"embeddable":true,"href":"http:\/\/siromband.si\/sl\/wp-json\/wp\/v2\/users\/1"}],"replies":[{"embeddable":true,"href":"http:\/\/siromband.si\/sl\/wp-json\/wp\/v2\/comments?post=564"}],"version-history":[{"count":9,"href":"http:\/\/siromband.si\/sl\/wp-json\/wp\/v2\/pages\/564\/revisions"}],"predecessor-version":[{"id":2380,"href":"http:\/\/siromband.si\/sl\/wp-json\/wp\/v2\/pages\/564\/revisions\/2380"}],"wp:attachment":[{"href":"http:\/\/siromband.si\/sl\/wp-json\/wp\/v2\/media?parent=564"}],"curies":[{"name":"wp","href":"https:\/\/api.w.org\/{rel}","templated":true}]}}